{"id":8,"date":"2020-02-27T13:09:44","date_gmt":"2020-02-27T12:09:44","guid":{"rendered":"http:\/\/www.lyceenordbassin.fr\/?page_id=8"},"modified":"2020-03-02T20:54:22","modified_gmt":"2020-03-02T19:54:22","slug":"enseignements","status":"publish","type":"page","link":"https:\/\/www.lyceenordbassin.fr\/index.php\/enseignements\/","title":{"rendered":"Enseignements"},"content":{"rendered":"\n<p>Bienvenue dans l&rsquo;espace d\u00e9di\u00e9 aux enseignements.<\/p>\n\n\n\n<p>Les contenus d&rsquo;enseignement dispens\u00e9s dans les niveaux seconde, premi\u00e8re et terminale sont explicit\u00e9s dans les liens ci-dessous.<\/p>\n\n\n\n<table class=\"wp-block-table\"><tbody><tr><td>Anglais <br><\/td><td>Espagnol<\/td><td>EPS<\/td><\/tr><tr><td>Fran\u00e7ais<\/td><td><a href=\"https:\/\/www.lyceenordbassin.fr\/index.php\/2020\/03\/02\/histoire-geographie\/\">Histoire-G\u00e9ographie<\/a><\/td><td><a href=\"https:\/\/www.lyceenordbassin.fr\/index.php\/2020\/03\/02\/litterature-langues-et-cultures-de-lantique\/\">Latin et Litt\u00e9rature, Langues et Culture de l&rsquo;Antiquit\u00e9<\/a><\/td><\/tr><tr><td><a href=\"https:\/\/www.lyceenordbassin.fr\/index.php\/2020\/03\/02\/mathematiques\/\">Math\u00e9matiques<\/a><\/td><td><a href=\"https:\/\/www.lyceenordbassin.fr\/index.php\/2020\/03\/02\/numerique-et-science-informatique\/\">Num\u00e9rique et Science Informatique<\/a><br><\/td><td>Portugais<br><\/td><\/tr><tr><td><a href=\"https:\/\/www.lyceenordbassin.fr\/index.php\/2020\/03\/02\/sciences-economiques-et-sociales\/\">Sciences \u00c9conomiques et Sociales<\/a><br><\/td><td><a href=\"https:\/\/www.lyceenordbassin.fr\/index.php\/2020\/03\/02\/sciences-physique-chimie\/\"><\/a>Sciences Num\u00e9riques et Technologiques<\/td><td><a href=\"https:\/\/www.lyceenordbassin.fr\/index.php\/2020\/02\/27\/sciences-de-la-vie-et-de-la-terre\/\"><\/a><a href=\"https:\/\/www.lyceenordbassin.fr\/index.php\/2020\/03\/02\/sciences-physique-chimie\/\">Sciences Physique-Chimie<\/a><\/td><\/tr><tr><td><a href=\"https:\/\/www.lyceenordbassin.fr\/index.php\/2020\/02\/27\/sciences-de-la-vie-et-de-la-terre\/\">Sciences de la Vie et de la Terre<\/a><br><\/td><td><a href=\"https:\/\/www.lyceenordbassin.fr\/index.php\/2020\/03\/02\/section-europeenne\/\">Section europ\u00e9enne<\/a><br><\/td><td>Sections sportives<\/td><\/tr><tr><td><\/td><td><\/td><td><\/td><\/tr><\/tbody><\/table>\n","protected":false},"excerpt":{"rendered":"<p>Bienvenue dans l&rsquo;espace d\u00e9di\u00e9 aux enseignements. Les contenus d&rsquo;enseignement dispens\u00e9s dans les niveaux seconde, premi\u00e8re et terminale sont explicit\u00e9s dans les liens ci-dessous. Anglais Espagnol&hellip;<\/p>\n","protected":false},"author":1,"featured_media":0,"parent":0,"menu_order":0,"comment_status":"closed","ping_status":"closed","template":"","meta":[],"_links":{"self":[{"href":"https:\/\/www.lyceenordbassin.fr\/index.php\/wp-json\/wp\/v2\/pages\/8"}],"collection":[{"href":"https:\/\/www.lyceenordbassin.fr\/index.php\/wp-json\/wp\/v2\/pages"}],"about":[{"href":"https:\/\/www.lyceenordbassin.fr\/index.php\/wp-json\/wp\/v2\/types\/page"}],"author":[{"embeddable":true,"href":"https:\/\/www.lyceenordbassin.fr\/index.php\/wp-json\/wp\/v2\/users\/1"}],"replies":[{"embeddable":true,"href":"https:\/\/www.lyceenordbassin.fr\/index.php\/wp-json\/wp\/v2\/comments?post=8"}],"version-history":[{"count":12,"href":"https:\/\/www.lyceenordbassin.fr\/index.php\/wp-json\/wp\/v2\/pages\/8\/revisions"}],"predecessor-version":[{"id":252,"href":"https:\/\/www.lyceenordbassin.fr\/index.php\/wp-json\/wp\/v2\/pages\/8\/revisions\/252"}],"wp:attachment":[{"href":"https:\/\/www.lyceenordbassin.fr\/index.php\/wp-json\/wp\/v2\/media?parent=8"}],"curies":[{"name":"wp","href":"https:\/\/api.w.org\/{rel}","templated":true}]}}