{"id":59,"date":"2020-02-27T15:26:47","date_gmt":"2020-02-27T14:26:47","guid":{"rendered":"http:\/\/www.lyceenordbassin.fr\/?page_id=59"},"modified":"2020-02-27T15:26:48","modified_gmt":"2020-02-27T14:26:48","slug":"vie-au-lycee","status":"publish","type":"page","link":"https:\/\/www.lyceenordbassin.fr\/index.php\/vie-au-lycee\/","title":{"rendered":"Vie au lyc\u00e9e"},"content":{"rendered":"\n<p>Atelier Photographie<\/p>\n\n\n\n<p>Atelier Th\u00e9\u00e2tre<\/p>\n\n\n\n<p>Atelier montage audio-vid\u00e9o libre<\/p>\n\n\n\n<p>Maison des Lyc\u00e9ens (MDL)<\/p>\n\n\n\n<p>Comit\u00e9 de Vie Lyc\u00e9en (CVL)<\/p>\n\n\n\n<p>Sorties culturelles<\/p>\n","protected":false},"excerpt":{"rendered":"<p>Atelier Photographie Atelier Th\u00e9\u00e2tre Atelier montage audio-vid\u00e9o libre Maison des Lyc\u00e9ens (MDL) Comit\u00e9 de Vie Lyc\u00e9en (CVL) Sorties culturelles<\/p>\n","protected":false},"author":1,"featured_media":0,"parent":0,"menu_order":0,"comment_status":"closed","ping_status":"closed","template":"","meta":[],"_links":{"self":[{"href":"https:\/\/www.lyceenordbassin.fr\/index.php\/wp-json\/wp\/v2\/pages\/59"}],"collection":[{"href":"https:\/\/www.lyceenordbassin.fr\/index.php\/wp-json\/wp\/v2\/pages"}],"about":[{"href":"https:\/\/www.lyceenordbassin.fr\/index.php\/wp-json\/wp\/v2\/types\/page"}],"author":[{"embeddable":true,"href":"https:\/\/www.lyceenordbassin.fr\/index.php\/wp-json\/wp\/v2\/users\/1"}],"replies":[{"embeddable":true,"href":"https:\/\/www.lyceenordbassin.fr\/index.php\/wp-json\/wp\/v2\/comments?post=59"}],"version-history":[{"count":2,"href":"https:\/\/www.lyceenordbassin.fr\/index.php\/wp-json\/wp\/v2\/pages\/59\/revisions"}],"predecessor-version":[{"id":61,"href":"https:\/\/www.lyceenordbassin.fr\/index.php\/wp-json\/wp\/v2\/pages\/59\/revisions\/61"}],"wp:attachment":[{"href":"https:\/\/www.lyceenordbassin.fr\/index.php\/wp-json\/wp\/v2\/media?parent=59"}],"curies":[{"name":"wp","href":"https:\/\/api.w.org\/{rel}","templated":true}]}}