{"id":50,"date":"2020-02-27T15:08:50","date_gmt":"2020-02-27T14:08:50","guid":{"rendered":"http:\/\/www.lyceenordbassin.fr\/?page_id=50"},"modified":"2021-02-03T08:52:23","modified_gmt":"2021-02-03T07:52:23","slug":"bienvenue","status":"publish","type":"page","link":"https:\/\/www.lyceenordbassin.fr\/","title":{"rendered":"Bienvenue"},"content":{"rendered":"\n<p>Bienvenue sur le site web du Lyc\u00e9e Nord Bassin Simone Veil d&rsquo;Andernos-Les-Bains.<\/p>\n\n\n\n<figure class=\"wp-block-image\"><img decoding=\"async\" loading=\"lazy\" width=\"1024\" height=\"576\" src=\"https:\/\/www.lyceenordbassin.fr\/wp-content\/uploads\/2020\/02\/LNBSV_entree_2018_DSC_0264-TG-1024x576.jpg\" alt=\"Photo T.Grohando 2018 licence CC-BY-SA 2018\" class=\"wp-image-53\" srcset=\"https:\/\/www.lyceenordbassin.fr\/wp-content\/uploads\/2020\/02\/LNBSV_entree_2018_DSC_0264-TG-1024x576.jpg 1024w, https:\/\/www.lyceenordbassin.fr\/wp-content\/uploads\/2020\/02\/LNBSV_entree_2018_DSC_0264-TG-300x169.jpg 300w, https:\/\/www.lyceenordbassin.fr\/wp-content\/uploads\/2020\/02\/LNBSV_entree_2018_DSC_0264-TG-768x432.jpg 768w, https:\/\/www.lyceenordbassin.fr\/wp-content\/uploads\/2020\/02\/LNBSV_entree_2018_DSC_0264-TG.jpg 1500w\" sizes=\"(max-width: 1024px) 100vw, 1024px\" \/><\/figure>\n\n\n\n<p>Dans un cadre agr\u00e9able \u00e0 dimension humaine, le lyc\u00e9e accueille les \u00e9l\u00e8ves pour des \u00e9tudes g\u00e9n\u00e9rales ou technologiques. Des sections <a href=\"https:\/\/www.lyceenordbassin.fr\/index.php\/2020\/03\/02\/section-europeenne\/\"><strong>europ\u00e9enne<\/strong><\/a>, <strong><a href=\"https:\/\/www.lyceenordbassin.fr\/index.php\/2020\/04\/25\/sections-sportives\/\">sportives<\/a><\/strong> compl\u00e8tent l&rsquo;offre d&rsquo;enseignement pour aider les \u00e9l\u00e8ves dans leurs parcours d&rsquo;orientation.<\/p>\n\n\n\n<h2 class=\"wp-block-heading\"><\/h2>\n\n\n\n<p><\/p>\n\n\n\n<p><\/p>\n","protected":false},"excerpt":{"rendered":"<p>Bienvenue sur le site web du Lyc\u00e9e Nord Bassin Simone Veil d&rsquo;Andernos-Les-Bains. Dans un cadre agr\u00e9able \u00e0 dimension humaine, le lyc\u00e9e accueille les \u00e9l\u00e8ves pour&hellip;<\/p>\n","protected":false},"author":1,"featured_media":0,"parent":0,"menu_order":0,"comment_status":"closed","ping_status":"closed","template":"","meta":[],"_links":{"self":[{"href":"https:\/\/www.lyceenordbassin.fr\/index.php\/wp-json\/wp\/v2\/pages\/50"}],"collection":[{"href":"https:\/\/www.lyceenordbassin.fr\/index.php\/wp-json\/wp\/v2\/pages"}],"about":[{"href":"https:\/\/www.lyceenordbassin.fr\/index.php\/wp-json\/wp\/v2\/types\/page"}],"author":[{"embeddable":true,"href":"https:\/\/www.lyceenordbassin.fr\/index.php\/wp-json\/wp\/v2\/users\/1"}],"replies":[{"embeddable":true,"href":"https:\/\/www.lyceenordbassin.fr\/index.php\/wp-json\/wp\/v2\/comments?post=50"}],"version-history":[{"count":18,"href":"https:\/\/www.lyceenordbassin.fr\/index.php\/wp-json\/wp\/v2\/pages\/50\/revisions"}],"predecessor-version":[{"id":564,"href":"https:\/\/www.lyceenordbassin.fr\/index.php\/wp-json\/wp\/v2\/pages\/50\/revisions\/564"}],"wp:attachment":[{"href":"https:\/\/www.lyceenordbassin.fr\/index.php\/wp-json\/wp\/v2\/media?parent=50"}],"curies":[{"name":"wp","href":"https:\/\/api.w.org\/{rel}","templated":true}]}}