{"id":2,"date":"2020-02-21T11:48:23","date_gmt":"2020-02-21T10:48:23","guid":{"rendered":"http:\/\/www.lyceenordbassin.fr\/?page_id=2"},"modified":"2020-03-15T23:01:57","modified_gmt":"2020-03-15T22:01:57","slug":"page-d-exemple","status":"publish","type":"page","link":"https:\/\/www.lyceenordbassin.fr\/index.php\/page-d-exemple\/","title":{"rendered":"Services en ligne"},"content":{"rendered":"\n<figure class=\"wp-block-image is-resized\"><img decoding=\"async\" loading=\"lazy\" src=\"https:\/\/www.lyceenordbassin.fr\/wp-content\/uploads\/2020\/02\/L_Logo-pronote.png\" alt=\"logo officiel, wikipedia 2020\" class=\"wp-image-14\" width=\"160\" height=\"64\" srcset=\"https:\/\/www.lyceenordbassin.fr\/wp-content\/uploads\/2020\/02\/L_Logo-pronote.png 1000w, https:\/\/www.lyceenordbassin.fr\/wp-content\/uploads\/2020\/02\/L_Logo-pronote-300x121.png 300w, https:\/\/www.lyceenordbassin.fr\/wp-content\/uploads\/2020\/02\/L_Logo-pronote-768x309.png 768w\" sizes=\"(max-width: 160px) 100vw, 160px\" \/><\/figure>\n\n\n\n<p>Acc\u00e8s <a href=\"https:\/\/www.lyceenordbassin.fr\/index.php\/2020\/02\/27\/pronote\/\"><strong>Pronote<\/strong><\/a><\/p>\n\n\n\n<figure class=\"wp-block-image is-resized\"><img decoding=\"async\" loading=\"lazy\" src=\"https:\/\/www.lyceenordbassin.fr\/wp-content\/uploads\/2020\/02\/NL_logo_lycee_connecte_noir.png\" alt=\"\" class=\"wp-image-63\" width=\"204\" height=\"74\" srcset=\"https:\/\/www.lyceenordbassin.fr\/wp-content\/uploads\/2020\/02\/NL_logo_lycee_connecte_noir.png 1006w, https:\/\/www.lyceenordbassin.fr\/wp-content\/uploads\/2020\/02\/NL_logo_lycee_connecte_noir-300x109.png 300w, https:\/\/www.lyceenordbassin.fr\/wp-content\/uploads\/2020\/02\/NL_logo_lycee_connecte_noir-768x279.png 768w\" sizes=\"(max-width: 204px) 100vw, 204px\" \/><\/figure>\n\n\n\n<p>Acc\u00e8s <a href=\"https:\/\/www.lyceenordbassin.fr\/index.php\/2020\/02\/27\/le-lycee-connecte\/\"><strong>Lyc\u00e9e connect\u00e9<\/strong><\/a> (ENT nouvelle-Aquitaine)<\/p>\n\n\n\n<figure class=\"wp-block-image is-resized\"><img decoding=\"async\" loading=\"lazy\" src=\"https:\/\/www.lyceenordbassin.fr\/wp-content\/uploads\/2020\/02\/NL_logo_pix.png\" alt=\"\" class=\"wp-image-64\" width=\"133\" height=\"133\" srcset=\"https:\/\/www.lyceenordbassin.fr\/wp-content\/uploads\/2020\/02\/NL_logo_pix.png 300w, https:\/\/www.lyceenordbassin.fr\/wp-content\/uploads\/2020\/02\/NL_logo_pix-150x150.png 150w\" sizes=\"(max-width: 133px) 100vw, 133px\" \/><\/figure>\n\n\n\n<p>Acc\u00e8s <a href=\"https:\/\/www.lyceenordbassin.fr\/index.php\/2020\/02\/27\/pix\/\"><strong>Pix<\/strong><\/a> (\u00c9valuation des comp\u00e9tences informatiques)<\/p>\n\n\n\n<figure class=\"wp-block-image\"><img decoding=\"async\" loading=\"lazy\" width=\"280\" height=\"162\" src=\"https:\/\/www.lyceenordbassin.fr\/wp-content\/uploads\/2020\/02\/logo-esidoc_OP10_280x162.png\" alt=\"\" class=\"wp-image-126\"\/><\/figure>\n\n\n\n<p>Acc\u00e8s <a href=\"https:\/\/0332724g.esidoc.fr\/\"><strong>CDI en ligne<\/strong><\/a> (Esidoc)<\/p>\n\n\n\n<figure class=\"wp-block-image\"><img decoding=\"async\" loading=\"lazy\" width=\"678\" height=\"108\" src=\"https:\/\/www.lyceenordbassin.fr\/wp-content\/uploads\/2020\/03\/NL_logo_cned_ma_classe_a_la_maison_banner.png\" alt=\"logo officiel cned\" class=\"wp-image-291\" srcset=\"https:\/\/www.lyceenordbassin.fr\/wp-content\/uploads\/2020\/03\/NL_logo_cned_ma_classe_a_la_maison_banner.png 678w, https:\/\/www.lyceenordbassin.fr\/wp-content\/uploads\/2020\/03\/NL_logo_cned_ma_classe_a_la_maison_banner-300x48.png 300w\" sizes=\"(max-width: 678px) 100vw, 678px\" \/><\/figure>\n\n\n\n<p>Acc\u00e8s <strong><a href=\"https:\/\/www.lyceenordbassin.fr\/index.php\/2020\/03\/15\/ma-classe-a-la-maison\/\">Ma classe \u00e0 la maison<\/a><\/strong> &#8211; Niveau Lyc\u00e9e<\/p>\n","protected":false},"excerpt":{"rendered":"<p>Acc\u00e8s Pronote Acc\u00e8s Lyc\u00e9e connect\u00e9 (ENT nouvelle-Aquitaine) Acc\u00e8s Pix (\u00c9valuation des comp\u00e9tences informatiques) Acc\u00e8s CDI en ligne (Esidoc) Acc\u00e8s Ma classe \u00e0 la maison &#8211;&hellip;<\/p>\n","protected":false},"author":1,"featured_media":0,"parent":0,"menu_order":0,"comment_status":"closed","ping_status":"open","template":"","meta":[],"_links":{"self":[{"href":"https:\/\/www.lyceenordbassin.fr\/index.php\/wp-json\/wp\/v2\/pages\/2"}],"collection":[{"href":"https:\/\/www.lyceenordbassin.fr\/index.php\/wp-json\/wp\/v2\/pages"}],"about":[{"href":"https:\/\/www.lyceenordbassin.fr\/index.php\/wp-json\/wp\/v2\/types\/page"}],"author":[{"embeddable":true,"href":"https:\/\/www.lyceenordbassin.fr\/index.php\/wp-json\/wp\/v2\/users\/1"}],"replies":[{"embeddable":true,"href":"https:\/\/www.lyceenordbassin.fr\/index.php\/wp-json\/wp\/v2\/comments?post=2"}],"version-history":[{"count":8,"href":"https:\/\/www.lyceenordbassin.fr\/index.php\/wp-json\/wp\/v2\/pages\/2\/revisions"}],"predecessor-version":[{"id":305,"href":"https:\/\/www.lyceenordbassin.fr\/index.php\/wp-json\/wp\/v2\/pages\/2\/revisions\/305"}],"wp:attachment":[{"href":"https:\/\/www.lyceenordbassin.fr\/index.php\/wp-json\/wp\/v2\/media?parent=2"}],"curies":[{"name":"wp","href":"https:\/\/api.w.org\/{rel}","templated":true}]}}