{"id":169,"date":"2020-03-02T14:28:30","date_gmt":"2020-03-02T13:28:30","guid":{"rendered":"http:\/\/www.lyceenordbassin.fr\/?page_id=169"},"modified":"2020-03-02T14:29:03","modified_gmt":"2020-03-02T13:29:03","slug":"premiere-les-specialites","status":"publish","type":"page","link":"https:\/\/www.lyceenordbassin.fr\/index.php\/premiere-les-specialites\/","title":{"rendered":"Premi\u00e8re, les sp\u00e9cialit\u00e9s"},"content":{"rendered":"\n<p>Il existe <a href=\"http:\/\/www.onisep.fr\/Parents\/Vos-questions-nos-reponses\/Questions-reponses-lycee\/Quels-sont-les-differents-enseignements-de-specialite-du-bac-general\">12 enseignements de sp\u00e9cialit\u00e9 en classe de premi\u00e8re<\/a> mais le lyc\u00e9e ne les proposent pas tous.<br><\/p>\n\n\n\n<h2 class=\"wp-block-heading\">Les sp\u00e9cialit\u00e9s disponibles<\/h2>\n\n\n\n<p>Vous trouverez ci-dessous l&rsquo;ensemble des sp\u00e9cialit\u00e9s de premi\u00e8re disponibles au Lyc\u00e9e Nord Bassin Simone Veil d&rsquo;Andernos. Pour conna\u00eetre les d\u00e9tails de ces enseignements, consultez les liens.<\/p>\n\n\n\n<p><\/p>\n\n\n\n<ul><li><a href=\"https:\/\/www.lyceenordbassin.fr\/index.php\/2020\/03\/02\/histoire-geographie\/\">Histoire-g\u00e9ographie, g\u00e9opolitique et sciences politiques<\/a> ;<\/li><li>Humanit\u00e9s, litt\u00e9rature et philosophie ; <\/li><li>Langues, litt\u00e9ratures et cultures \u00e9trang\u00e8res et r\u00e9gionales ;<\/li><li>Litt\u00e9rature, langues et cultures de l\u2019antiquit\u00e9 ;<\/li><li>Math\u00e9matiques ;<\/li><li>Num\u00e9rique et sciences informatiques ;<\/li><li>Physique-chimie ;<\/li><li><a href=\"https:\/\/www.lyceenordbassin.fr\/index.php\/2020\/02\/27\/sciences-de-la-vie-et-de-la-terre\/\">Sciences de la vie et de la Terr<\/a>e<\/li><li>Sciences \u00e9conomiques et sociales.<\/li><\/ul>\n\n\n\n<h2 class=\"wp-block-heading\">Faire son choix de sp\u00e9cialit\u00e9<\/h2>\n\n\n\n<p>Un \u00e9l\u00e8ve de Seconde <strong>devra choisir 3 sp\u00e9cialit\u00e9s<\/strong> pour construire son parcours d&rsquo;orientation de premi\u00e8re. <strong>Chaque sp\u00e9cialit\u00e9 rajoutera 4h \u00e0 l&#8217;emploi du temps<\/strong>.<\/p>\n\n\n\n<figure class=\"wp-block-image is-resized\"><img decoding=\"async\" loading=\"lazy\" src=\"https:\/\/www.lyceenordbassin.fr\/wp-content\/uploads\/2020\/03\/L_logo_ampoule_tip.png\" alt=\"\" class=\"wp-image-176\" width=\"88\" height=\"124\"\/><figcaption>Un projet d&rsquo;orientation scientifique ?<\/figcaption><\/figure>\n\n\n\n<p>Vous trouverez de l&rsquo;aide \u00e0 la d\u00e9cision avec la fleur de l&rsquo;orientation disponible ici.<\/p>\n\n\n\n<p>Pour m\u00e9moire, <strong>un des trois sp\u00e9cialit\u00e9s sera abandonn\u00e9e avec un examen de baccalaur\u00e9at en fin de premi\u00e8re<\/strong> et deux sp\u00e9cialit\u00e9s seront conserv\u00e9es pour la terminale.<\/p>\n","protected":false},"excerpt":{"rendered":"<p>Il existe 12 enseignements de sp\u00e9cialit\u00e9 en classe de premi\u00e8re mais le lyc\u00e9e ne les proposent pas tous. Les sp\u00e9cialit\u00e9s disponibles Vous trouverez ci-dessous l&rsquo;ensemble&hellip;<\/p>\n","protected":false},"author":1,"featured_media":0,"parent":0,"menu_order":0,"comment_status":"closed","ping_status":"closed","template":"","meta":[],"_links":{"self":[{"href":"https:\/\/www.lyceenordbassin.fr\/index.php\/wp-json\/wp\/v2\/pages\/169"}],"collection":[{"href":"https:\/\/www.lyceenordbassin.fr\/index.php\/wp-json\/wp\/v2\/pages"}],"about":[{"href":"https:\/\/www.lyceenordbassin.fr\/index.php\/wp-json\/wp\/v2\/types\/page"}],"author":[{"embeddable":true,"href":"https:\/\/www.lyceenordbassin.fr\/index.php\/wp-json\/wp\/v2\/users\/1"}],"replies":[{"embeddable":true,"href":"https:\/\/www.lyceenordbassin.fr\/index.php\/wp-json\/wp\/v2\/comments?post=169"}],"version-history":[{"count":11,"href":"https:\/\/www.lyceenordbassin.fr\/index.php\/wp-json\/wp\/v2\/pages\/169\/revisions"}],"predecessor-version":[{"id":184,"href":"https:\/\/www.lyceenordbassin.fr\/index.php\/wp-json\/wp\/v2\/pages\/169\/revisions\/184"}],"wp:attachment":[{"href":"https:\/\/www.lyceenordbassin.fr\/index.php\/wp-json\/wp\/v2\/media?parent=169"}],"curies":[{"name":"wp","href":"https:\/\/api.w.org\/{rel}","templated":true}]}}